{"id":7,"date":"2015-11-15T19:31:00","date_gmt":"2015-11-15T18:31:00","guid":{"rendered":"http:\/\/127.0.0.1\/wordpress\/?page_id=7"},"modified":"2026-01-01T12:27:11","modified_gmt":"2026-01-01T11:27:11","slug":"preise","status":"publish","type":"page","link":"https:\/\/hotel-artner.at\/hotel\/de\/preise\/","title":{"rendered":"Preise"},"content":{"rendered":"<h3>3 Sterne Zimmerausstattung:<\/h3>\n<figure id=\"attachment_504\" aria-describedby=\"caption-attachment-504\" style=\"width: 300px\" class=\"wp-caption alignright\"><a href=\"https:\/\/hotel-artner.at\/hotel\/wp-content\/uploads\/2016\/02\/Doppelbettzimmer3.png\" rel=\"attachment wp-att-504\"><img loading=\"lazy\" decoding=\"async\" class=\"wp-image-504 size-medium\" src=\"https:\/\/hotel-artner.at\/hotel\/wp-content\/uploads\/2016\/02\/Doppelbettzimmer3-300x200.png\" alt=\"gem\u00fctliches Doppelbettzimmer\" width=\"300\" height=\"200\" srcset=\"https:\/\/hotel-artner.at\/hotel\/wp-content\/uploads\/2016\/02\/Doppelbettzimmer3-300x200.png 300w, https:\/\/hotel-artner.at\/hotel\/wp-content\/uploads\/2016\/02\/Doppelbettzimmer3-768x512.png 768w, https:\/\/hotel-artner.at\/hotel\/wp-content\/uploads\/2016\/02\/Doppelbettzimmer3-1024x683.png 1024w, https:\/\/hotel-artner.at\/hotel\/wp-content\/uploads\/2016\/02\/Doppelbettzimmer3.png 1200w\" sizes=\"auto, (max-width: 300px) 100vw, 300px\" \/><\/a><figcaption id=\"caption-attachment-504\" class=\"wp-caption-text\">gem\u00fctliches Doppelbettzimmer<\/figcaption><\/figure>\n<ul>\n<li style=\"list-style-type: none;\">\n<ul>\n<li>Badewanne oder Dusche<\/li>\n<li>WC<\/li>\n<li>Radio<\/li>\n<li>Telefon<\/li>\n<li>Zimmersafe<\/li>\n<li>K\u00fchlschrank<\/li>\n<li>gratis W-LAN<\/li>\n<li>32&#8243; &#8211; 40&#8243; LCD SAT-TV<\/li>\n<\/ul>\n<\/li>\n<\/ul>\n<hr \/>\n<p><strong>ab 70,&#8211; \u00a0 <\/strong>\u20ac<strong>\u00a0Einzelzimmer<\/strong><\/p>\n<p style=\"padding-left: 30px;\">exklusive Fr\u00fchst\u00fcck und Ortstaxe<\/p>\n<hr \/>\n<p><strong>ab 100,&#8211; \u00a0 <\/strong>\u20ac<strong>\u00a0Doppelzimmer<\/strong><\/p>\n<p style=\"padding-left: 30px;\">exklusive Fr\u00fchst\u00fcck und Ortstaxe pro Tag f\u00fcr 2 Personen<\/p>\n<hr \/>\n<p><strong>ab 120,&#8211; \u00a0 <\/strong>\u20ac<strong>\u00a0Dreibettzimmer<\/strong><\/p>\n<p style=\"padding-left: 30px;\">exklusive Fr\u00fchst\u00fcck und Ortstaxe pro Tag f\u00fcr 3 Personen<\/p>\n<hr \/>\n<p><strong>ab 140,&#8211; \u00a0 <\/strong>\u20ac<strong>\u00a0Vierbettzimmer<\/strong><\/p>\n<p style=\"padding-left: 30px;\">exklusive Fr\u00fchst\u00fcck und Ortstaxe pro Tag f\u00fcr 4 Personen<br \/>( 2 Erwachsene und 2 Kinder bis 14 Jahre)<\/p>\n<hr \/>\n<p><strong>\u00a0 \u00a0 \u00a010,&#8211; \u00a0 <\/strong>\u20ac\u00a0<strong>Fr\u00fchst\u00fcck<\/strong><\/p>\n<p style=\"padding-left: 30px;\">pro Person pro Nacht<\/p>\n<hr \/>\n<p><strong>\u00a0 \u00a0 \u00a020,&#8211; \u00a0 <\/strong>\u20ac\u00a0<strong>Babybett<\/strong><\/p>\n<p style=\"padding-left: 30px;\">pro Baby bis 3 Jahre pro Nacht<\/p>\n<hr \/>\n<p><strong>\u00a0 \u00a0 \u00a010,&#8211; \u00a0 <\/strong>\u20ac\u00a0<strong>Haustier<\/strong><\/p>\n<p style=\"padding-left: 30px;\">pro Tier pro Nacht<\/p>\n<hr \/>\n<p><strong>\u00a0 \u00a0 3,&#8211;<\/strong> \u20ac <strong>N\u00e4chtigungstaxe<\/strong><\/p>\n<p style=\"padding-left: 30px;\">pro Person pro Nacht (ab einem Alter von 15 Jahren)<\/p>\n\n\n<p><\/p>\n","protected":false},"excerpt":{"rendered":"<p>3 Sterne Zimmerausstattung: Badewanne oder Dusche WC Radio Telefon Zimmersafe K\u00fchlschrank gratis W-LAN 32&#8243; &#8211; 40&#8243; LCD SAT-TV ab 70,&#8211; \u00a0 \u20ac\u00a0Einzelzimmer exklusive Fr\u00fchst\u00fcck und Ortstaxe ab 100,&#8211; \u00a0 \u20ac\u00a0Doppelzimmer exklusive Fr\u00fchst\u00fcck und Ortstaxe pro Tag f\u00fcr 2 Personen ab 120,&#8211; \u00a0 \u20ac\u00a0Dreibettzimmer exklusive Fr\u00fchst\u00fcck und Ortstaxe pro Tag f\u00fcr 3 Personen ab 140,&#8211; \u00a0 &hellip; <a href=\"https:\/\/hotel-artner.at\/hotel\/de\/preise\/\" class=\"more-link\"><span class=\"screen-reader-text\">Preise<\/span> weiterlesen <span class=\"meta-nav\">&rarr;<\/span><\/a><\/p>\n","protected":false},"author":1,"featured_media":0,"parent":0,"menu_order":0,"comment_status":"closed","ping_status":"closed","template":"","meta":{"footnotes":""},"class_list":["post-7","page","type-page","status-publish","hentry"],"_links":{"self":[{"href":"https:\/\/hotel-artner.at\/hotel\/wp-json\/wp\/v2\/pages\/7","targetHints":{"allow":["GET"]}}],"collection":[{"href":"https:\/\/hotel-artner.at\/hotel\/wp-json\/wp\/v2\/pages"}],"about":[{"href":"https:\/\/hotel-artner.at\/hotel\/wp-json\/wp\/v2\/types\/page"}],"author":[{"embeddable":true,"href":"https:\/\/hotel-artner.at\/hotel\/wp-json\/wp\/v2\/users\/1"}],"replies":[{"embeddable":true,"href":"https:\/\/hotel-artner.at\/hotel\/wp-json\/wp\/v2\/comments?post=7"}],"version-history":[{"count":53,"href":"https:\/\/hotel-artner.at\/hotel\/wp-json\/wp\/v2\/pages\/7\/revisions"}],"predecessor-version":[{"id":707,"href":"https:\/\/hotel-artner.at\/hotel\/wp-json\/wp\/v2\/pages\/7\/revisions\/707"}],"wp:attachment":[{"href":"https:\/\/hotel-artner.at\/hotel\/wp-json\/wp\/v2\/media?parent=7"}],"curies":[{"name":"wp","href":"https:\/\/api.w.org\/{rel}","templated":true}]}}