{"id":581,"date":"2020-02-28T15:10:15","date_gmt":"2020-02-28T14:10:15","guid":{"rendered":"https:\/\/hotel-artner.at\/hotel\/?page_id=581"},"modified":"2024-01-01T15:01:51","modified_gmt":"2024-01-01T14:01:51","slug":"home","status":"publish","type":"page","link":"https:\/\/hotel-artner.at\/hotel\/de\/home\/","title":{"rendered":"Herzliches Willkommen"},"content":{"rendered":"\n<hr>\n\n\n\n<p>Wir, Fam. Artner und Schwertf\u00fchrer, hei\u00dfen Dich bei uns herzlich Willkommen!<\/p>\n\n\n<div class=\"wp-block-image is-style-circle-mask\">\n<figure class=\"aligncenter size-large is-resized\"><img loading=\"lazy\" decoding=\"async\" src=\"https:\/\/hotel-artner.at\/hotel\/wp-content\/uploads\/2020\/02\/2018.10-Foto-Hotel-Artner-Vorstellung-von-uns-1024x684.png\" alt=\"\" class=\"wp-image-586\" width=\"325\" height=\"216\" srcset=\"https:\/\/hotel-artner.at\/hotel\/wp-content\/uploads\/2020\/02\/2018.10-Foto-Hotel-Artner-Vorstellung-von-uns-1024x684.png 1024w, https:\/\/hotel-artner.at\/hotel\/wp-content\/uploads\/2020\/02\/2018.10-Foto-Hotel-Artner-Vorstellung-von-uns-300x200.png 300w, https:\/\/hotel-artner.at\/hotel\/wp-content\/uploads\/2020\/02\/2018.10-Foto-Hotel-Artner-Vorstellung-von-uns-768x513.png 768w, https:\/\/hotel-artner.at\/hotel\/wp-content\/uploads\/2020\/02\/2018.10-Foto-Hotel-Artner-Vorstellung-von-uns.png 1348w\" sizes=\"auto, (max-width: 325px) 100vw, 325px\" \/><\/figure><\/div>\n\n\n<p>Unser kleines familiengef\u00fchrtes 3 Sterne Hotel Garni im Zentrum von Baden mit <a href=\"https:\/\/hotel-artner.at\/hotel\/de\/anfahrt\/\">bester \u00f6ffentlicher Verkehrsanbindung<\/a> hat 11 gem\u00fctlich rustikal eingerichtete Zimmer im 1. Stock mit ruhiger innen liegender Terrasse.<\/p>\n\n\n\n<style id=\"bwg-style-0\">    #bwg_container1_0 #bwg_container2_0 .bwg-container-0.bwg-standard-thumbnails {      width: 904px;              justify-content: center;        margin:0 auto !important;              background-color: rgba(255, 255, 255, 0.00);            padding-left: 4px;      padding-top: 4px;      max-width: 100%;            }        #bwg_container1_0 #bwg_container2_0 .bwg-container-0.bwg-standard-thumbnails .bwg-item {    justify-content: flex-start;      max-width: 180px;            width: 180px !important;          }    #bwg_container1_0 #bwg_container2_0 .bwg-container-0.bwg-standard-thumbnails .bwg-item a {       margin-right: 4px;       margin-bottom: 4px;    }    #bwg_container1_0 #bwg_container2_0 .bwg-container-0.bwg-standard-thumbnails .bwg-item0 {      padding: 4px;            background-color:rgba(232,232,232, 0.30);      border: 5px none #FFFFFF;      opacity: 1.00;      border-radius: 0;      box-shadow: 0px 0px 0px #888888;    }    #bwg_container1_0 #bwg_container2_0 .bwg-container-0.bwg-standard-thumbnails .bwg-item1 img {      max-height: none;      max-width: none;      padding: 0 !important;    }        @media only screen and (min-width: 480px) {      #bwg_container1_0 #bwg_container2_0 .bwg-container-0.bwg-standard-thumbnails .bwg-item0 {        transition: all 0.3s ease 0s;-webkit-transition: all 0.3s ease 0s;      }      #bwg_container1_0 #bwg_container2_0 .bwg-container-0.bwg-standard-thumbnails .bwg-item0:hover {        -ms-transform: rotate(2deg);        -webkit-transform: rotate(2deg);        transform: rotate(2deg);      }    }          #bwg_container1_0 #bwg_container2_0 .bwg-container-0.bwg-standard-thumbnails .bwg-item1 {      padding-top: 50%;    }        #bwg_container1_0 #bwg_container2_0 .bwg-container-0.bwg-standard-thumbnails .bwg-title2,    #bwg_container1_0 #bwg_container2_0 .bwg-container-0.bwg-standard-thumbnails .bwg-ecommerce2 {      color: #CCCCCC;      font-family: segoe ui;      font-size: 16px;      font-weight: bold;      padding: 5px;      text-shadow: ;      max-height: 100%;    }    #bwg_container1_0 #bwg_container2_0 .bwg-container-0.bwg-standard-thumbnails .bwg-thumb-description span {    color: #323A45;    font-family: Ubuntu;    font-size: 12px;    max-height: 100%;    word-wrap: break-word;    }    #bwg_container1_0 #bwg_container2_0 .bwg-container-0.bwg-standard-thumbnails .bwg-play-icon2 {      font-size: 32px;    }    #bwg_container1_0 #bwg_container2_0 .bwg-container-0.bwg-standard-thumbnails .bwg-ecommerce2 {      font-size: 19.2px;      color: #CCCCCC;    }    <\/style>    <div id=\"bwg_container1_0\"         class=\"bwg_container bwg_thumbnail bwg_thumbnails \"         data-right-click-protection=\"0\"         data-bwg=\"0\"         data-scroll=\"0\"         data-gallery-type=\"thumbnails\"         data-gallery-view-type=\"thumbnails\"         data-current-url=\"\/hotel\/wp-json\/wp\/v2\/pages\/581\"         data-lightbox-url=\"https:\/\/hotel-artner.at\/hotel\/wp-admin\/admin-ajax.php?action=GalleryBox&#038;current_view=0&#038;gallery_id=5&#038;tag=0&#038;theme_id=2&#038;shortcode_id=8&#038;sort_by=order&#038;order_by=asc&#038;current_url=%2Fhotel%2Fwp-json%2Fwp%2Fv2%2Fpages%2F581\"         data-gallery-id=\"5\"         data-popup-width=\"800\"         data-popup-height=\"500\"         data-is-album=\"gallery\"         data-buttons-position=\"bottom\">      <div id=\"bwg_container2_0\">             <div id=\"ajax_loading_0\" class=\"bwg_loading_div_1\">      <div class=\"bwg_loading_div_2\">        <div class=\"bwg_loading_div_3\">          <div id=\"loading_div_0\" class=\"bwg_spider_ajax_loading\">          <\/div>        <\/div>      <\/div>    <\/div>            <form id=\"gal_front_form_0\"              class=\"bwg-hidden\"              method=\"post\"              action=\"#\"              data-current=\"0\"              data-shortcode-id=\"8\"              data-gallery-type=\"thumbnails\"              data-gallery-id=\"5\"              data-tag=\"0\"              data-album-id=\"0\"              data-theme-id=\"2\"              data-ajax-url=\"https:\/\/hotel-artner.at\/hotel\/wp-admin\/admin-ajax.php?action=bwg_frontend_data\">          <div id=\"bwg_container3_0\" class=\"bwg-background bwg-background-0\">                <div data-max-count=\"5\"         data-thumbnail-width=\"180\"         data-bwg=\"0\"         data-gallery-id=\"5\"         data-lightbox-url=\"https:\/\/hotel-artner.at\/hotel\/wp-admin\/admin-ajax.php?action=GalleryBox&amp;current_view=0&amp;gallery_id=5&amp;tag=0&amp;theme_id=2&amp;shortcode_id=8&amp;sort_by=order&amp;order_by=asc&amp;current_url=%2Fhotel%2Fwp-json%2Fwp%2Fv2%2Fpages%2F581\"         id=\"bwg_thumbnails_0\"         class=\"bwg-container-0 bwg-thumbnails bwg-standard-thumbnails bwg-container bwg-border-box\">            <div class=\"bwg-item\">        <a class=\"bwg-a  bwg_lightbox\"  data-image-id=\"51\" href=\"https:\/\/hotel-artner.at\/hotel\/wp-content\/uploads\/photo-gallery\/imported_from_media_libray\/Doppelbett-scaled.jpg?bwg=1583097082\" data-elementor-open-lightbox=\"no\">                <div class=\"bwg-item0 \">          <div class=\"bwg-item1 \">            <div class=\"bwg-item2\">              <img decoding=\"async\" class=\"skip-lazy bwg_standart_thumb_img_0 \"                   data-id=\"51\"                   data-width=\"300\"                   data-height=\"200\"                   data-src=\"https:\/\/hotel-artner.at\/hotel\/wp-content\/uploads\/photo-gallery\/imported_from_media_libray\/thumb\/Doppelbett-scaled.jpg?bwg=1583097082\"                   src=\"https:\/\/hotel-artner.at\/hotel\/wp-content\/uploads\/photo-gallery\/imported_from_media_libray\/thumb\/Doppelbett-scaled.jpg?bwg=1583097082\"                   alt=\"Doppelzimmer\"                   title=\"Doppelzimmer\" \/>            <\/div>            <div class=\"\">                                                      <\/div>          <\/div>        <\/div>                        <\/a>              <\/div>            <div class=\"bwg-item\">        <a class=\"bwg-a  bwg_lightbox\"  data-image-id=\"68\" href=\"https:\/\/hotel-artner.at\/hotel\/wp-content\/uploads\/photo-gallery\/imported_from_media_libray\/Einbettzimmer-scaled.jpg?bwg=1583100573\" data-elementor-open-lightbox=\"no\">                <div class=\"bwg-item0 \">          <div class=\"bwg-item1 \">            <div class=\"bwg-item2\">              <img decoding=\"async\" class=\"skip-lazy bwg_standart_thumb_img_0 \"                   data-id=\"68\"                   data-width=\"300\"                   data-height=\"200\"                   data-src=\"https:\/\/hotel-artner.at\/hotel\/wp-content\/uploads\/photo-gallery\/imported_from_media_libray\/thumb\/Einbettzimmer-scaled.jpg?bwg=1583100573\"                   src=\"https:\/\/hotel-artner.at\/hotel\/wp-content\/uploads\/photo-gallery\/imported_from_media_libray\/thumb\/Einbettzimmer-scaled.jpg?bwg=1583100573\"                   alt=\"Einbettzimmer\"                   title=\"Einbettzimmer\" \/>            <\/div>            <div class=\"\">                                                      <\/div>          <\/div>        <\/div>                        <\/a>              <\/div>            <div class=\"bwg-item\">        <a class=\"bwg-a  bwg_lightbox\"  data-image-id=\"54\" href=\"https:\/\/hotel-artner.at\/hotel\/wp-content\/uploads\/photo-gallery\/imported_from_media_libray\/Dreibett-scaled.jpg?bwg=1583097082\" data-elementor-open-lightbox=\"no\">                <div class=\"bwg-item0 \">          <div class=\"bwg-item1 \">            <div class=\"bwg-item2\">              <img decoding=\"async\" class=\"skip-lazy bwg_standart_thumb_img_0 \"                   data-id=\"54\"                   data-width=\"300\"                   data-height=\"200\"                   data-src=\"https:\/\/hotel-artner.at\/hotel\/wp-content\/uploads\/photo-gallery\/imported_from_media_libray\/thumb\/Dreibett-scaled.jpg?bwg=1583097082\"                   src=\"https:\/\/hotel-artner.at\/hotel\/wp-content\/uploads\/photo-gallery\/imported_from_media_libray\/thumb\/Dreibett-scaled.jpg?bwg=1583097082\"                   alt=\"Dreibettzimmer\"                   title=\"Dreibettzimmer\" \/>            <\/div>            <div class=\"\">                                                      <\/div>          <\/div>        <\/div>                        <\/a>              <\/div>            <div class=\"bwg-item\">        <a class=\"bwg-a  bwg_lightbox\"  data-image-id=\"67\" href=\"https:\/\/hotel-artner.at\/hotel\/wp-content\/uploads\/photo-gallery\/imported_from_media_libray\/Familienzimmer-2-scaled.jpg?bwg=1583100573\" data-elementor-open-lightbox=\"no\">                <div class=\"bwg-item0 \">          <div class=\"bwg-item1 \">            <div class=\"bwg-item2\">              <img decoding=\"async\" class=\"skip-lazy bwg_standart_thumb_img_0 \"                   data-id=\"67\"                   data-width=\"300\"                   data-height=\"200\"                   data-src=\"https:\/\/hotel-artner.at\/hotel\/wp-content\/uploads\/photo-gallery\/imported_from_media_libray\/thumb\/Familienzimmer-2-scaled.jpg?bwg=1583100573\"                   src=\"https:\/\/hotel-artner.at\/hotel\/wp-content\/uploads\/photo-gallery\/imported_from_media_libray\/thumb\/Familienzimmer-2-scaled.jpg?bwg=1583100573\"                   alt=\"Familienzimmer\"                   title=\"Familienzimmer\" \/>            <\/div>            <div class=\"\">                                                      <\/div>          <\/div>        <\/div>                        <\/a>              <\/div>            <div class=\"bwg-item\">        <a class=\"bwg-a  bwg_lightbox\"  data-image-id=\"61\" href=\"https:\/\/hotel-artner.at\/hotel\/wp-content\/uploads\/photo-gallery\/imported_from_media_libray\/Terrasse.png?bwg=1583097082\" data-elementor-open-lightbox=\"no\">                <div class=\"bwg-item0 \">          <div class=\"bwg-item1 \">            <div class=\"bwg-item2\">              <img decoding=\"async\" class=\"skip-lazy bwg_standart_thumb_img_0 \"                   data-id=\"61\"                   data-width=\"300\"                   data-height=\"200\"                   data-src=\"https:\/\/hotel-artner.at\/hotel\/wp-content\/uploads\/photo-gallery\/imported_from_media_libray\/thumb\/Terrasse.png?bwg=1583097082\"                   src=\"https:\/\/hotel-artner.at\/hotel\/wp-content\/uploads\/photo-gallery\/imported_from_media_libray\/thumb\/Terrasse.png?bwg=1583097082\"                   alt=\"Terrasse\"                   title=\"Terrasse\" \/>            <\/div>            <div class=\"\">                                                      <\/div>          <\/div>        <\/div>                        <\/a>              <\/div>          <\/div>    <style>      \/*pagination styles*\/      #bwg_container1_0 #bwg_container2_0 .tablenav-pages_0 {\t\t\t\ttext-align: center;\t\t\t\tfont-size: 12px;\t\t\t\tfont-family: segoe ui;\t\t\t\tfont-weight: bold;\t\t\t\tcolor: #666666;\t\t\t\tmargin: 6px 0 4px;\t\t\t\tdisplay: block;      }      @media only screen and (max-width : 320px) {      #bwg_container1_0 #bwg_container2_0 .displaying-num_0 {     \t display: none;      }      }      #bwg_container1_0 #bwg_container2_0 .displaying-num_0 {\t\t\t\tfont-size: 12px;\t\t\t\tfont-family: segoe ui;\t\t\t\tfont-weight: bold;\t\t\t\tcolor: #666666;\t\t\t\tmargin-right: 10px;\t\t\t\tvertical-align: middle;      }      #bwg_container1_0 #bwg_container2_0 .paging-input_0 {\t\t\t\tfont-size: 12px;\t\t\t\tfont-family: segoe ui;\t\t\t\tfont-weight: bold;\t\t\t\tcolor: #666666;\t\t\t\tvertical-align: middle;      }      #bwg_container1_0 #bwg_container2_0 .tablenav-pages_0 a.disabled,      #bwg_container1_0 #bwg_container2_0 .tablenav-pages_0 a.disabled:hover,      #bwg_container1_0 #bwg_container2_0 .tablenav-pages_0 a.disabled:focus,\t\t\t#bwg_container1_0 #bwg_container2_0 .tablenav-pages_0 input.bwg_current_page {\t\t\t\tcursor: default;\t\t\t\tcolor: rgba(102, 102, 102, 0.5);      }      #bwg_container1_0 #bwg_container2_0 .tablenav-pages_0 a,      #bwg_container1_0 #bwg_container2_0 .tablenav-pages_0 input.bwg_current_page {\t\t\t\tcursor: pointer;\t\t\t\ttext-align: center;\t\t\t\tfont-size: 12px;\t\t\t\tfont-family: segoe ui;\t\t\t\tfont-weight: bold;\t\t\t\tcolor: #666666;\t\t\t\ttext-decoration: none;\t\t\t\tpadding: 3px 6px;\t\t\t\tmargin: 0;\t\t\t\tborder-radius: 0;\t\t\t\tborder-style: none;\t\t\t\tborder-width: 1px;\t\t\t\tborder-color: #E3E3E3;\t\t\t\t\t\t\t\tbackground-color: rgba(252, 252, 252, 1.00);\t\t\t\tbox-shadow: 0;\t\t\t\ttransition: all 0.3s ease 0s;-webkit-transition: all 0.3s ease 0s;      }      <\/style>      <span class=\"bwg_nav_cont_0\">              <div class=\"tablenav-pages_0\">                  <\/div>                <input type=\"hidden\" id=\"page_number_0\" name=\"page_number_0\" value=\"1\" \/>      <script type=\"text\/javascript\">        if( jQuery('.bwg_nav_cont_0').length > 1 ) {          jQuery('.bwg_nav_cont_0').first().remove()        }        function spider_page_0(cur, x, y, load_more) {          if (typeof load_more == \"undefined\") {            var load_more = false;          }          if (jQuery(cur).hasClass('disabled')) {            return false;          }          var items_county_0 = 1;          switch (y) {            case 1:              if (x >= items_county_0) {                document.getElementById('page_number_0').value = items_county_0;              }              else {                document.getElementById('page_number_0').value = x + 1;              }              break;            case 2:              document.getElementById('page_number_0').value = items_county_0;              break;            case -1:              if (x == 1) {                document.getElementById('page_number_0').value = 1;              }              else {                document.getElementById('page_number_0').value = x - 1;              }              break;            case -2:              document.getElementById('page_number_0').value = 1;              break;\t\t\t\t\t\tcase 0:              document.getElementById('page_number_0').value = x;              break;            default:              document.getElementById('page_number_0').value = 1;          }          bwg_ajax('gal_front_form_0', '0', 'bwg_thumbnails_0', '0', '', 'gallery', 0, '', '', load_more, '', 1);        }                    jQuery('.first-page-0').on('click', function () {              spider_page_0(this, 1, -2, 'numeric');              return false;            });            jQuery('.prev-page-0').on('click', function () {              spider_page_0(this, 1, -1, 'numeric');              return false;            });            jQuery('.next-page-0').on('click', function () {              spider_page_0(this, 1, 1, 'numeric');              return false;            });            jQuery('.last-page-0').on('click', function () {              spider_page_0(this, 1, 2, 'numeric');              return false;            });        \t\t\t\t\/* Change page on input enter. *\/        function bwg_change_page_0( e, that ) {          if (  e.key == 'Enter' ) {            var to_page = parseInt(jQuery(that).val());            var pages_count = jQuery(that).parents(\".pagination-links\").data(\"pages-count\");            var current_url_param = jQuery(that).attr('data-url-info');            if (to_page > pages_count) {              to_page = 1;            }\t \t\t\t\t\t\t\t\t\t\t\t\tspider_page_0(this, to_page, 0, 'numeric');\t\t\t\t\t\t\treturn false;\t\t\t\t\t\t          }          return true;        }        jQuery('.bwg_load_btn_0').on('click', function () {            spider_page_0(this, 1, 1, true);            return false;        });      <\/script>      <\/span>                <\/div>        <\/form>        <style>          #bwg_container1_0 #bwg_container2_0 #spider_popup_overlay_0 {          background-color: #000000;          opacity: 0.70;          }          <\/style>        <div id=\"bwg_spider_popup_loading_0\" class=\"bwg_spider_popup_loading\"><\/div>        <div id=\"spider_popup_overlay_0\" class=\"spider_popup_overlay\" onclick=\"spider_destroypopup(1000)\"><\/div>        <input type=\"hidden\" id=\"bwg_random_seed_0\" value=\"994031586\">                <\/div>    <\/div>    <script>      if (document.readyState === 'complete') {        if( typeof bwg_main_ready == 'function' ) {          if ( jQuery(\"#bwg_container1_0\").height() ) {            bwg_main_ready(jQuery(\"#bwg_container1_0\"));          }        }      } else {        document.addEventListener('DOMContentLoaded', function() {          if( typeof bwg_main_ready == 'function' ) {            if ( jQuery(\"#bwg_container1_0\").height() ) {             bwg_main_ready(jQuery(\"#bwg_container1_0\"));            }          }        });      }    <\/script>    \n\n\n\n<hr>\n\n\n\n<p>Solltest du noch schnell eine Kleinigkeit besorgen m\u00fcssen, befindet sich im Erdgeschoss ein <a rel=\"noreferrer noopener\" aria-label=\" (\u00f6ffnet in neuem Tab)\" href=\"https:\/\/www.penny.at\/\" target=\"_blank\">Penny Markt<\/a>.<\/p>\n\n\n\n<p>F\u00fcr das Ausladen deine Gep\u00e4cks kannst du auf den Penny Parkplatz bei unserem Hotel fahren (max. Haltedauer 60 Minuten) und danch bitte das Auto in der Braitner-, Roseggerstra\u00dfe oder Gartengasse geb\u00fchrenpflichtig abstellen.<\/p>\n\n\n\n<p>Parkscheine sind bei uns zu erwerben. <\/p>\n\n\n\n<p>Parkgeb\u00fchren siehe foglenden Link: <a href=\"https:\/\/www.baden.at\/Parken\/Zonen_-_Tarife\">https:\/\/www.baden.at\/Parken\/Zonen_-_Tarife<\/a><br><br>Danach kannst du die Badener Innenstadt  bequem zu Fu\u00df erkunden (100m bis Fu\u00dfg\u00e4ngerzone).<\/p>\n\n\n\n<hr>\n\n\n\n<h2 class=\"has-text-align-center\"><a href=\"https:\/\/hotel-artner.at\/hotel\/de\/online-buchung\/\">JETZT BUCHEN<\/a><\/h2>\n\n\n\n<hr>\n<hr>\n","protected":false},"excerpt":{"rendered":"<p>Wir, Fam. Artner und Schwertf\u00fchrer, hei\u00dfen Dich bei uns herzlich Willkommen! Unser kleines familiengef\u00fchrtes 3 Sterne Hotel Garni im Zentrum von Baden mit bester \u00f6ffentlicher Verkehrsanbindung hat 11 gem\u00fctlich rustikal eingerichtete Zimmer im 1. Stock mit ruhiger innen liegender Terrasse. Solltest du noch schnell eine Kleinigkeit besorgen m\u00fcssen, befindet sich im Erdgeschoss ein Penny Markt. &hellip; <a href=\"https:\/\/hotel-artner.at\/hotel\/de\/home\/\" class=\"more-link\"><span class=\"screen-reader-text\">Herzliches Willkommen<\/span> weiterlesen <span class=\"meta-nav\">&rarr;<\/span><\/a><\/p>\n","protected":false},"author":1,"featured_media":0,"parent":0,"menu_order":0,"comment_status":"closed","ping_status":"closed","template":"","meta":{"footnotes":""},"class_list":["post-581","page","type-page","status-publish","hentry"],"_links":{"self":[{"href":"https:\/\/hotel-artner.at\/hotel\/wp-json\/wp\/v2\/pages\/581","targetHints":{"allow":["GET"]}}],"collection":[{"href":"https:\/\/hotel-artner.at\/hotel\/wp-json\/wp\/v2\/pages"}],"about":[{"href":"https:\/\/hotel-artner.at\/hotel\/wp-json\/wp\/v2\/types\/page"}],"author":[{"embeddable":true,"href":"https:\/\/hotel-artner.at\/hotel\/wp-json\/wp\/v2\/users\/1"}],"replies":[{"embeddable":true,"href":"https:\/\/hotel-artner.at\/hotel\/wp-json\/wp\/v2\/comments?post=581"}],"version-history":[{"count":13,"href":"https:\/\/hotel-artner.at\/hotel\/wp-json\/wp\/v2\/pages\/581\/revisions"}],"predecessor-version":[{"id":670,"href":"https:\/\/hotel-artner.at\/hotel\/wp-json\/wp\/v2\/pages\/581\/revisions\/670"}],"wp:attachment":[{"href":"https:\/\/hotel-artner.at\/hotel\/wp-json\/wp\/v2\/media?parent=581"}],"curies":[{"name":"wp","href":"https:\/\/api.w.org\/{rel}","templated":true}]}}