{"id":30,"date":"2015-11-16T13:45:54","date_gmt":"2015-11-16T12:45:54","guid":{"rendered":"http:\/\/127.0.0.1\/wordpress\/?page_id=30"},"modified":"2016-01-24T16:14:05","modified_gmt":"2016-01-24T15:14:05","slug":"anfahrt","status":"publish","type":"page","link":"https:\/\/hotel-artner.at\/hotel\/de\/anfahrt\/","title":{"rendered":"Anfahrt"},"content":{"rendered":"<h3>Lage des Hotels:<\/h3>\n<blockquote><p>Hotel Artner<br \/>\nKaiser-Franz-Joseph-Ring 15<br \/>\nEingang auf Roseggerstra\u00dfe<br \/>\n2500 Baden bei Wien<br \/>\n\u00d6sterreich \/ Austria<\/p><\/blockquote>\n<p>gesamt <a href=\"https:\/\/hotel-artner.at\/hotel\/wp-content\/uploads\/2015\/11\/Baden-gesamt-Plan.pdf\">Plan von Baden (pdf-Datei 1MB)<\/a><\/p>\n<p><iframe loading=\"lazy\" style=\"border: 0;\" src=\"https:\/\/www.google.com\/maps\/embed?pb=!1m18!1m12!1m3!1d2669.500348070518!2d16.235112882277914!3d48.00404251834599!2m3!1f0!2f0!3f0!3m2!1i1024!2i768!4f13.1!3m3!1m2!1s0x476db0f67688812b%3A0x80f27e8d3941793f!2sHotel+Artner!5e0!3m2!1sde!2sat!4v1407302889723\" width=\"600\" height=\"450\" frameborder=\"0\"><\/iframe><\/p>\n<p>nur wenige Gehminuten entfernt:<\/p>\n<ul>\n<li>das Congress Casino Baden<\/li>\n<li>die R\u00f6hmertherme<\/li>\n<li>die F\u00fc\u00dfg\u00e4ngerzone<\/li>\n<li>Theater,Operette und Museen<\/li>\n<\/ul>\n<hr \/>\n<p>Baden liegt 30 km s\u00fcdlich von Wien und 45 km vom internationalen<br \/>\nFlughafen Wien-Schwechat entfernt.<\/p>\n<p>Sie sind in<\/p>\n<p>20 Min. in Wien, in<br \/>\n45 Min am Neusiedler See, in<br \/>\n60 Min. am Semmering, der Rax u. am Schneeberg und in<br \/>\n60 Min. in Ungarn.<\/p>\n<figure id=\"attachment_44\" aria-describedby=\"caption-attachment-44\" style=\"width: 248px\" class=\"wp-caption aligncenter\"><a href=\"https:\/\/hotel-artner.at\/hotel\/wp-content\/uploads\/2015\/11\/Niederoesterreichkarte.png\"><img loading=\"lazy\" decoding=\"async\" class=\"size-full wp-image-44\" src=\"https:\/\/hotel-artner.at\/hotel\/wp-content\/uploads\/2015\/11\/Niederoesterreichkarte.png\" alt=\"Niederoesterreichkarte\" width=\"248\" height=\"221\" \/><\/a><figcaption id=\"caption-attachment-44\" class=\"wp-caption-text\">Niederoesterreichkarte<\/figcaption><\/figure>\n<figure id=\"attachment_45\" aria-describedby=\"caption-attachment-45\" style=\"width: 300px\" class=\"wp-caption aligncenter\"><a href=\"https:\/\/hotel-artner.at\/hotel\/wp-content\/uploads\/2015\/11\/Oesterreichkarte_gross.png\"><img loading=\"lazy\" decoding=\"async\" class=\"size-medium wp-image-45\" src=\"https:\/\/hotel-artner.at\/hotel\/wp-content\/uploads\/2015\/11\/Oesterreichkarte_gross-300x148.png\" alt=\"\u00dcberblickskarte \u00d6sterreich\" width=\"300\" height=\"148\" srcset=\"https:\/\/hotel-artner.at\/hotel\/wp-content\/uploads\/2015\/11\/Oesterreichkarte_gross-300x148.png 300w, https:\/\/hotel-artner.at\/hotel\/wp-content\/uploads\/2015\/11\/Oesterreichkarte_gross.png 746w\" sizes=\"auto, (max-width: 300px) 100vw, 300px\" \/><\/a><figcaption id=\"caption-attachment-45\" class=\"wp-caption-text\">\u00dcberblickskarte \u00d6sterreich<\/figcaption><\/figure>\n<h3>Auto:<\/h3>\n<ul>\n<li>\u00dcber die Westautobahn A1 abzweigen zur A 21 (Wiener Au\u00dfenring-Autobahn),<br \/>\nAbfahrt Alland, durch das Helenental nach Baden.<\/li>\n<li>\u00dcber die S\u00fcdautobahn A2, Abfahrt Baden.<\/li>\n<\/ul>\n<hr \/>\n<h3>Flugzeug:<\/h3>\n<ul>\n<li>Wien\/Schwechat und weiter mit Bahn [<a href=\"http:\/\/fahrplan.oebb.at\/bin\/query.exe\/dn\" target=\"_blank\">\u00d6BB<br \/>\n&#8211; Bahnverbindung<\/a>] , Bus oder Auto.<\/li>\n<li>Mit dem eigenen Flugzeug: Flugplatz Bad V\u00f6slau-Kottingbrunn, mit<br \/>\nZoll- und Pa\u00dfabfertigung.<\/li>\n<\/ul>\n<hr \/>\n<h3>Wetter:<\/h3>\n<ul>\n<li><a href=\"http:\/\/www.wetter.at\/wetter\/oesterreich\/niederoesterreich\/baden-bei-wien\" target=\"_blank\">Tagesund Wochen Wetter<\/a><\/li>\n<li><a href=\"http:\/\/www.zamg.ac.at\/cms\/de\/wetter\/satellitenbild-animation\" target=\"_blank\">Satellitenbilder<\/a><\/li>\n<\/ul>\n","protected":false},"excerpt":{"rendered":"<p>Lage des Hotels: Hotel Artner Kaiser-Franz-Joseph-Ring 15 Eingang auf Roseggerstra\u00dfe 2500 Baden bei Wien \u00d6sterreich \/ Austria gesamt Plan von Baden (pdf-Datei 1MB) nur wenige Gehminuten entfernt: das Congress Casino Baden die R\u00f6hmertherme die F\u00fc\u00dfg\u00e4ngerzone Theater,Operette und Museen Baden liegt 30 km s\u00fcdlich von Wien und 45 km vom internationalen Flughafen Wien-Schwechat entfernt. Sie sind &hellip; <a href=\"https:\/\/hotel-artner.at\/hotel\/de\/anfahrt\/\" class=\"more-link\"><span class=\"screen-reader-text\">Anfahrt<\/span> weiterlesen <span class=\"meta-nav\">&rarr;<\/span><\/a><\/p>\n","protected":false},"author":1,"featured_media":0,"parent":0,"menu_order":0,"comment_status":"closed","ping_status":"closed","template":"","meta":{"footnotes":""},"class_list":["post-30","page","type-page","status-publish","hentry"],"_links":{"self":[{"href":"https:\/\/hotel-artner.at\/hotel\/wp-json\/wp\/v2\/pages\/30","targetHints":{"allow":["GET"]}}],"collection":[{"href":"https:\/\/hotel-artner.at\/hotel\/wp-json\/wp\/v2\/pages"}],"about":[{"href":"https:\/\/hotel-artner.at\/hotel\/wp-json\/wp\/v2\/types\/page"}],"author":[{"embeddable":true,"href":"https:\/\/hotel-artner.at\/hotel\/wp-json\/wp\/v2\/users\/1"}],"replies":[{"embeddable":true,"href":"https:\/\/hotel-artner.at\/hotel\/wp-json\/wp\/v2\/comments?post=30"}],"version-history":[{"count":43,"href":"https:\/\/hotel-artner.at\/hotel\/wp-json\/wp\/v2\/pages\/30\/revisions"}],"predecessor-version":[{"id":574,"href":"https:\/\/hotel-artner.at\/hotel\/wp-json\/wp\/v2\/pages\/30\/revisions\/574"}],"wp:attachment":[{"href":"https:\/\/hotel-artner.at\/hotel\/wp-json\/wp\/v2\/media?parent=30"}],"curies":[{"name":"wp","href":"https:\/\/api.w.org\/{rel}","templated":true}]}}