{"id":2,"date":"2015-11-14T20:35:17","date_gmt":"2015-11-14T19:35:17","guid":{"rendered":"http:\/\/127.0.0.1\/wordpress\/?page_id=2"},"modified":"2022-11-08T11:43:08","modified_gmt":"2022-11-08T10:43:08","slug":"angebot","status":"publish","type":"page","link":"https:\/\/hotel-artner.at\/hotel\/de\/angebot\/","title":{"rendered":"Angebot"},"content":{"rendered":"<p>\u00a0<\/p>\n<h3>Zur Zeit kein Angebot vorhanden.<\/h3>\n<p>\u00a0<\/p>\n<!--\n<h3>Wien Package<\/h3>\n[caption id=\"attachment_13\" align=\"aligncenter\" width=\"300\"]<a href=\"https:\/\/hotel-artner.at\/hotel\/wp-content\/uploads\/2015\/11\/Riesenrad_Wien.jpg\"><img loading=\"lazy\" decoding=\"async\" class=\"size-medium wp-image-13\" src=\"https:\/\/hotel-artner.at\/hotel\/wp-content\/uploads\/2015\/11\/Riesenrad_Wien-300x225.jpg\" alt=\"Das Wiener Riesenrad\" width=\"300\" height=\"225\" srcset=\"https:\/\/hotel-artner.at\/hotel\/wp-content\/uploads\/2015\/11\/Riesenrad_Wien-300x225.jpg 300w, https:\/\/hotel-artner.at\/hotel\/wp-content\/uploads\/2015\/11\/Riesenrad_Wien.jpg 400w\" sizes=\"auto, (max-width: 300px) 100vw, 300px\" \/><\/a> Riesenrad im Wiener Prater[\/caption]\n<ul>\n<li>7 \u00dcbernachtungen inkl. reichhaltigem Fr\u00fchst\u00fcck<\/li>\n<li>Wochenkarte f\u00fcr \u00f6ffentliche Verkehrsmittel von Baden nach Wien und in Wien. <em>(g\u00fcltig f\u00fcr eine Kalenderwoche und dem folgenden Montag 9 Uhr)<\/em><\/li>\n<li>VIP - Card<\/li>\n<li>Begr\u00fc\u00dfungsgetr\u00e4nk im Zimmer.<\/li>\n<\/ul>\n<p>Preise des Packages exklusive N\u00e4chtigungstaxe (siehe <a href=\"https:\/\/hotel-artner.at\/hotel\/de\/preise\/\">Preise<\/a>):<\/p>\n<p>Doppelzimmer:\u00a0 \u00a0315.- Euro pro Person<br \/>Einzelzimmer:\u00a0 \u00a0 \u00a0420.- Euro<\/p>\n<hr \/>\n<h2 style=\"text-align: center;\"><a href=\"https:\/\/hotel-artner.at\/hotel\/de\/online-buchung\/?data-skd-language-code=de#!\/skd-ds\/skd-package-view\/WIEN_ERLEB\">BUCHEN<\/a><\/h2>-->\n\n\n<p><\/p>\n\n\n<!--<hr \/>\n<h3>Auszeit Package<\/h3>\n[caption id=\"attachment_625\" align=\"aligncenter\" width=\"300\"]<a href=\"https:\/\/hotel-artner.at\/hotel\/wp-content\/uploads\/2020\/06\/2016.09.25-Teich-im-Rosarium-Schwertf\u00fchrer-Christian.jpg\"><img loading=\"lazy\" decoding=\"async\" class=\"wp-image-625 size-medium\" src=\"https:\/\/hotel-artner.at\/hotel\/wp-content\/uploads\/2020\/06\/2016.09.25-Teich-im-Rosarium-Schwertf\u00fchrer-Christian-300x224.jpg\" alt=\"\" width=\"300\" height=\"224\" srcset=\"https:\/\/hotel-artner.at\/hotel\/wp-content\/uploads\/2020\/06\/2016.09.25-Teich-im-Rosarium-Schwertf\u00fchrer-Christian-300x224.jpg 300w, https:\/\/hotel-artner.at\/hotel\/wp-content\/uploads\/2020\/06\/2016.09.25-Teich-im-Rosarium-Schwertf\u00fchrer-Christian-1024x765.jpg 1024w, https:\/\/hotel-artner.at\/hotel\/wp-content\/uploads\/2020\/06\/2016.09.25-Teich-im-Rosarium-Schwertf\u00fchrer-Christian-768x574.jpg 768w, https:\/\/hotel-artner.at\/hotel\/wp-content\/uploads\/2020\/06\/2016.09.25-Teich-im-Rosarium-Schwertf\u00fchrer-Christian-1536x1147.jpg 1536w, https:\/\/hotel-artner.at\/hotel\/wp-content\/uploads\/2020\/06\/2016.09.25-Teich-im-Rosarium-Schwertf\u00fchrer-Christian.jpg 1707w\" sizes=\"auto, (max-width: 300px) 100vw, 300px\" \/><\/a> Teich im Rosarium \/ Doblhoffpark Baden[\/caption]\n<ul>\n<li>Begr\u00fc\u00dfungsdrink am Zimmer<\/li>\n<li>3 N\u00e4chte inklusive reichhaltigem Fr\u00fchst\u00fcck<\/li>\n<li>1 Tagespass pro Person f\u00fcr das Strandbad Baden (keine Eintrittsgarantie wegen Coronaregeln)<\/li>\n<li>Gutschein pro Person f\u00fcr\u00a0Heurigenbesuch mit Verkostung<\/li>\n<li>Kartenmaterial f\u00fcr Spazierengehen, Wandern, Radfahren und Mountenbiken in Baden und Umgebung<\/li>\n<\/ul>\n<p>Preise des Packages exklusive N\u00e4chtigungstaxe (siehe <a href=\"https:\/\/hotel-artner.at\/hotel\/de\/preise\/\">Preise<\/a>):<\/p>\n<p>im Einzelzimmer:\u00a0 \u00a0 \u00a0 \u00a0 190,- Euro<br \/>im Doppelzimmer:\u00a0 \u00a0 \u00a0 280,- Euro<br \/>im Dreibettzimmer:\u00a0 \u00a0 340,- Euro<br \/>im Familienzimmer*: 400,- Euro<\/p>\n<p>*(2 Erwachsene und 2 Kinder unter 16 Jahren)<\/p>\n<p>\u00a0<\/p>\n<hr \/>\n<h2 style=\"text-align: center;\"><a href=\"https:\/\/hotel-artner.at\/hotel\/de\/online-buchung\/?data-skd-language-code=de#!\/skd-ds\/skd-package-view\/AUSZEIT_PA\" data-wplink-edit=\"true\">BUCHEN<\/a><\/h2>\n<hr \/>\n<h4 style=\"text-align: center;\">Gestaltungsvorschlag des Packages:<\/h4>\n<p style=\"text-align: center;\"><strong>Ankunftstag:<\/strong><br \/>- gem\u00fctlicher Besuch eines <a href=\"https:\/\/badenerwein.at\/\" target=\"_blank\" rel=\"noopener noreferrer\">Heurigen<\/a> \/ Restaurant \/ <a href=\"https:\/\/www.casinos.at\/de\/baden\" target=\"_blank\" rel=\"noopener noreferrer\">Casino<\/a><\/p>\n<p style=\"text-align: center;\"><strong>Tag 2 :<\/strong><br \/>- Spazieren in <a href=\"https:\/\/www.tourismus.baden.at\/gaerten-badens\" target=\"_blank\" rel=\"noopener noreferrer\">unseren Parks<\/a> oder <a href=\"https:\/\/www.wienerwald.info\/wandern\" target=\"_blank\" rel=\"noopener noreferrer\">Wandern im Wienerwald<\/a><\/p>\n<p style=\"text-align: center;\"><strong>Tag 3 :<\/strong><br \/>- Schwimmen im <a href=\"https:\/\/www.tourismus.baden.at\/thermalstrandbad-baden-2\" target=\"_blank\" rel=\"noopener noreferrer\">Freien<\/a> oder <a href=\"https:\/\/www.roemertherme.at\/de\/\" target=\"_blank\" rel=\"noopener noreferrer\">Therme<\/a>\/ <a href=\"https:\/\/www.wienerwald.info\/radfahren\" target=\"_blank\" rel=\"noopener noreferrer\">Radfahren<\/a> \/ <a href=\"https:\/\/www.wienerwald.info\/mountainbiken\" target=\"_blank\" rel=\"noopener noreferrer\">Mountenbiken<\/a><\/p>\n<p style=\"text-align: center;\"><strong>Abreisetag:<\/strong><br \/>- <a href=\"https:\/\/www.tourismus.baden.at\/badener-museen\" target=\"_blank\" rel=\"noopener noreferrer\">Museen<\/a>\/ <a href=\"https:\/\/www.buehnebaden.at\/de\/startseite\" target=\"_blank\" rel=\"noopener noreferrer\">Theater<\/a> \/ <a href=\"http:\/\/festival-lagacilly-baden.photo\/\" target=\"_blank\" rel=\"noopener noreferrer\">Photofestival La Gacilly Baden<\/a> \/ <a href=\"https:\/\/www.tourismus.baden.at\/einkaufen-in-baden-1\" target=\"_blank\" rel=\"noopener noreferrer\">flanieren im Zentrum<\/a><\/p>\n<p>\u00a0<\/p>\n-->","protected":false},"excerpt":{"rendered":"<p>\u00a0 Zur Zeit kein Angebot vorhanden. \u00a0<\/p>\n","protected":false},"author":1,"featured_media":0,"parent":0,"menu_order":0,"comment_status":"closed","ping_status":"open","template":"","meta":{"footnotes":""},"class_list":["post-2","page","type-page","status-publish","hentry"],"_links":{"self":[{"href":"https:\/\/hotel-artner.at\/hotel\/wp-json\/wp\/v2\/pages\/2","targetHints":{"allow":["GET"]}}],"collection":[{"href":"https:\/\/hotel-artner.at\/hotel\/wp-json\/wp\/v2\/pages"}],"about":[{"href":"https:\/\/hotel-artner.at\/hotel\/wp-json\/wp\/v2\/types\/page"}],"author":[{"embeddable":true,"href":"https:\/\/hotel-artner.at\/hotel\/wp-json\/wp\/v2\/users\/1"}],"replies":[{"embeddable":true,"href":"https:\/\/hotel-artner.at\/hotel\/wp-json\/wp\/v2\/comments?post=2"}],"version-history":[{"count":35,"href":"https:\/\/hotel-artner.at\/hotel\/wp-json\/wp\/v2\/pages\/2\/revisions"}],"predecessor-version":[{"id":656,"href":"https:\/\/hotel-artner.at\/hotel\/wp-json\/wp\/v2\/pages\/2\/revisions\/656"}],"wp:attachment":[{"href":"https:\/\/hotel-artner.at\/hotel\/wp-json\/wp\/v2\/media?parent=2"}],"curies":[{"name":"wp","href":"https:\/\/api.w.org\/{rel}","templated":true}]}}